{"id":84,"date":"2023-09-30T20:22:39","date_gmt":"2023-09-30T20:22:39","guid":{"rendered":"https:\/\/uoworlds.gen.tr\/PC-Mobile\/?page_id=84"},"modified":"2024-10-16T23:02:20","modified_gmt":"2024-10-16T20:02:20","slug":"dosyalar","status":"publish","type":"page","link":"https:\/\/uoworlds.gen.tr\/PC-Mobile\/index.php\/dosyalar\/","title":{"rendered":"DOSYALAR"},"content":{"rendered":"<p><a href=\"https:\/\/uoworlds.gen.tr\/discord.html\">D\u0130SCORD BA\u011eLAN<\/a><br \/>\n<a href=\"https:\/\/uoworlds.gen.tr\/discord.html\" target=\"_blank\" rel=\"noopener\"><br \/>\n<\/a><\/p>\n<p><a href=\"https:\/\/drive.google.com\/u\/0\/uc?id=1XQAp67J29vwCWgZIxnVSwR18w3KcDkYN&#038;export=download\n\">1.ANTERNAT\u0130F PC-CL\u0130ENT-BA\u011eLANTI-PROGRAMI-\u0130ND\u0130R<\/a><br \/>\n<a href=\"https:\/\/drive.google.com\/u\/0\/uc?id=1XQAp67J29vwCWgZIxnVSwR18w3KcDkYN&#038;export=download\n\" target=\"_blank\" rel=\"noopener\"><br \/>\n<a href=\"http:\/\/uoworlds-dosya.duckdns.org\/UOWORLDSetup.exe\n\">2.ANTERNAT\u0130F PC-CL\u0130ENT-BA\u011eLANTI-PROGRAMI-\u0130ND\u0130R<\/a><br \/>\n<a href=\"http:\/\/uoworlds-dosya.duckdns.org\/UOWORLDSetup.exe\n\" target=\"_blank\" rel=\"noopener\"><br \/>\n<a href=\"http:\/\/18.185.105.0\/UOWORLDSetup.exe\n\">3.ANTERNAT\u0130F PC-CL\u0130ENT-BA\u011eLANTI-PROGRAMI-\u0130ND\u0130R<\/a><br \/>\n<a href=\"http:\/\/18.185.105.0\/UOWORLDSetup.exe\n\" target=\"_blank\" rel=\"noopener\"><br \/>\n<\/a><\/p>\n<p><a href=\"https:\/\/apps.apple.com\/tr\/app\/mobileuo\/id1511721667\">IOS-\u0130ND\u0130RME-TIKLAYINIZ.<\/a><br \/>\n<a href=\"https:\/\/apps.apple.com\/tr\/app\/mobileuo\/id1511721667\" target=\"_blank\" rel=\"noopener\"><\/p>\n<p><img loading=\"lazy\" decoding=\"async\" src=\"https:\/\/uoworlds.gen.tr\/PC-Mobile\/wp-content\/uploads\/2022\/12\/app-stote-logo-png-300x116-1.png\" width=\"500\" height=\"275\"\/><br \/>\n<\/a><\/p>\n<p>SERVERNAME : UOWORLDS<br \/>\nLoginServer: uoworlds.duckdns.org,2593<br \/>\nDownload Server: uoworlds-dosya.duckdns.org:8080<br \/>\nClient versiyon : 6.0.90.1<\/p>\n<p><a href=\"https:\/\/uoworlds.gen.tr\/UOWORLDS_37.apk\">ANDRO\u0130D-\u0130ND\u0130RME-TIKLAYINIZ.<\/a><br \/>\n<a href=\"https:\/\/uoworlds.gen.tr\/UOWORLDS_37.apk\" target=\"_blank\" rel=\"noopener\"><\/p>\n<p><img loading=\"lazy\" decoding=\"async\" src=\"https:\/\/uoworlds.gen.tr\/PC-Mobile\/wp-content\/uploads\/2022\/12\/google-play-badge-1-300x116-1.png\" width=\"500\" height=\"275\"\/><br \/>\n<\/a><\/p>\n","protected":false},"excerpt":{"rendered":"<p>D\u0130SCORD BA\u011eLAN 1.ANTERNAT\u0130F PC-CL\u0130ENT-BA\u011eLANTI-PROGRAMI-\u0130ND\u0130R 2.ANTERNAT\u0130F PC-CL\u0130ENT-BA\u011eLANTI-PROGRAMI-\u0130ND\u0130R 3.ANTERNAT\u0130F PC-CL\u0130ENT-BA\u011eLANTI-PROGRAMI-\u0130ND\u0130R IOS-\u0130ND\u0130RME-TIKLAYINIZ. SERVERNAME : UOWORLDS LoginServer: uoworlds.duckdns.org,2593 Download Server: uoworlds-dosya.duckdns.org:8080 Client versiyon : 6.0.90.1 ANDRO\u0130D-\u0130ND\u0130RME-TIKLAYINIZ.<\/p>\n","protected":false},"author":1,"featured_media":0,"parent":0,"menu_order":0,"comment_status":"closed","ping_status":"closed","template":"","meta":{"footnotes":""},"class_list":["post-84","page","type-page","status-publish","hentry"],"_links":{"self":[{"href":"https:\/\/uoworlds.gen.tr\/PC-Mobile\/index.php\/wp-json\/wp\/v2\/pages\/84","targetHints":{"allow":["GET"]}}],"collection":[{"href":"https:\/\/uoworlds.gen.tr\/PC-Mobile\/index.php\/wp-json\/wp\/v2\/pages"}],"about":[{"href":"https:\/\/uoworlds.gen.tr\/PC-Mobile\/index.php\/wp-json\/wp\/v2\/types\/page"}],"author":[{"embeddable":true,"href":"https:\/\/uoworlds.gen.tr\/PC-Mobile\/index.php\/wp-json\/wp\/v2\/users\/1"}],"replies":[{"embeddable":true,"href":"https:\/\/uoworlds.gen.tr\/PC-Mobile\/index.php\/wp-json\/wp\/v2\/comments?post=84"}],"version-history":[{"count":47,"href":"https:\/\/uoworlds.gen.tr\/PC-Mobile\/index.php\/wp-json\/wp\/v2\/pages\/84\/revisions"}],"predecessor-version":[{"id":375,"href":"https:\/\/uoworlds.gen.tr\/PC-Mobile\/index.php\/wp-json\/wp\/v2\/pages\/84\/revisions\/375"}],"wp:attachment":[{"href":"https:\/\/uoworlds.gen.tr\/PC-Mobile\/index.php\/wp-json\/wp\/v2\/media?parent=84"}],"curies":[{"name":"wp","href":"https:\/\/api.w.org\/{rel}","templated":true}]}}