{"id":103,"date":"2023-10-01T15:38:14","date_gmt":"2023-10-01T12:38:14","guid":{"rendered":"https:\/\/uoworlds.gen.tr\/PC-Mobile\/?page_id=103"},"modified":"2023-10-06T00:52:42","modified_gmt":"2023-10-05T21:52:42","slug":"komutlar","status":"publish","type":"page","link":"https:\/\/uoworlds.gen.tr\/PC-Mobile\/index.php\/komutlar\/","title":{"rendered":"KOMUTLAR"},"content":{"rendered":"<p>Mobile&#038;PC KOMUTLAR<br \/>\n[ \/add ] yazarak parti kurabilirsiniz.<br \/>\n[.bandaj-.tp-.durum] Bandaj basar-Tp patlat\u0131r-Online Durumu G\u00f6sterir<br \/>\n[ .kumar ] yazarak kumar oynayabilirsiniz.<br \/>\n[ .itemaktar ] yazarak itemlerinizi alt karaktere gonderebilirsiniz.<br \/>\n[ .tekraryap ] yazarak yapt\u0131\u011f\u0131n\u0131z e\u015fyay\u0131 tekrar yapabilirsiniz.<br \/>\n[ .hepsiniyap ] yapt\u0131\u011f\u0131n\u0131z e\u015fyay\u0131 malzemeniz bitene kadar \u00fcretirsiniz.<br \/>\n[ .kontrol &#8211; .bilgi ] yazarak bineklerin bilgilerini g\u00f6rebilirsiniz.<br \/>\n[ .barlarikapat ] Spellbar,Potbar ve Sava\u015fbar hepsini kapatir.<br \/>\n[ .res &#8211; .reslen &#8211; .canlan ] \u00d6l\u00fc haldeyken canlanman\u0131z\u0131 sa\u011flar.<br \/>\n[ .binekin &#8211; .binekbin] Ata binip inmek i\u00e7in kullan\u0131l\u0131r<br \/>\n[ .healpot .curepot .manapot .refreshpot .agilitypot .strengthpot ]<br \/>\n[ .bleedpot .poisonpot] yazarak pot i\u00e7menizi sa\u011flar<br \/>\n[ .cesetkes .cesetikes] yazarak Cesetleri par\u00e7alayabilirsiniz.<br \/>\n[ .cantamiduzenle] yazarak \u00c7antan\u0131z\u0131 D\u00fczenleyebilirsiniz.<\/p>\n<p>Mobile&#038;PC Ev Komutlari<br \/>\n[ sabitle &#8211; sabit kaldir ] Ev i\u00e7inde e\u015fya sabitler kald\u0131r\u0131r.<br \/>\n[ yulselt &#8211; alcalt ] Ev i\u00e7inde e\u015fya y\u00fclseltir ve al\u00e7alt\u0131r.<br \/>\n[ strongbox koy &#8211; strongbox sil ] Ev i\u00e7inde kilitli kasan\u0131z\u0131 koyar.<br \/>\n[ cevir ] Evdeki e\u015fyalar\u0131 \u00e7evirir.<\/p>\n","protected":false},"excerpt":{"rendered":"<p>Mobile&#038;PC KOMUTLAR [ \/add ] yazarak parti kurabilirsiniz. [.bandaj-.tp-.durum] Bandaj basar-Tp patlat\u0131r-Online Durumu G\u00f6sterir [ .kumar ] yazarak kumar oynayabilirsiniz. [ .itemaktar ] yazarak itemlerinizi alt karaktere gonderebilirsiniz. [ .tekraryap ] yazarak yapt\u0131\u011f\u0131n\u0131z e\u015fyay\u0131 tekrar yapabilirsiniz. [ .hepsiniyap ] yapt\u0131\u011f\u0131n\u0131z e\u015fyay\u0131 malzemeniz bitene kadar \u00fcretirsiniz. [ .kontrol &#8211; .bilgi ] yazarak bineklerin bilgilerini g\u00f6rebilirsiniz. [ [&hellip;]<\/p>\n","protected":false},"author":1,"featured_media":0,"parent":0,"menu_order":0,"comment_status":"closed","ping_status":"closed","template":"","meta":{"footnotes":""},"class_list":["post-103","page","type-page","status-publish","hentry"],"_links":{"self":[{"href":"https:\/\/uoworlds.gen.tr\/PC-Mobile\/index.php\/wp-json\/wp\/v2\/pages\/103","targetHints":{"allow":["GET"]}}],"collection":[{"href":"https:\/\/uoworlds.gen.tr\/PC-Mobile\/index.php\/wp-json\/wp\/v2\/pages"}],"about":[{"href":"https:\/\/uoworlds.gen.tr\/PC-Mobile\/index.php\/wp-json\/wp\/v2\/types\/page"}],"author":[{"embeddable":true,"href":"https:\/\/uoworlds.gen.tr\/PC-Mobile\/index.php\/wp-json\/wp\/v2\/users\/1"}],"replies":[{"embeddable":true,"href":"https:\/\/uoworlds.gen.tr\/PC-Mobile\/index.php\/wp-json\/wp\/v2\/comments?post=103"}],"version-history":[{"count":3,"href":"https:\/\/uoworlds.gen.tr\/PC-Mobile\/index.php\/wp-json\/wp\/v2\/pages\/103\/revisions"}],"predecessor-version":[{"id":321,"href":"https:\/\/uoworlds.gen.tr\/PC-Mobile\/index.php\/wp-json\/wp\/v2\/pages\/103\/revisions\/321"}],"wp:attachment":[{"href":"https:\/\/uoworlds.gen.tr\/PC-Mobile\/index.php\/wp-json\/wp\/v2\/media?parent=103"}],"curies":[{"name":"wp","href":"https:\/\/api.w.org\/{rel}","templated":true}]}}